{"id":276,"date":"2018-11-29T10:34:18","date_gmt":"2018-11-29T10:34:18","guid":{"rendered":"http:\/\/www.hustedt-online.de\/?page_id=276"},"modified":"2018-11-29T10:34:55","modified_gmt":"2018-11-29T10:34:55","slug":"hustedt","status":"publish","type":"page","link":"https:\/\/hustedt-online.de\/?page_id=276","title":{"rendered":"Hustedt"},"content":{"rendered":"<p>Hustedt ist ein Ortsteil der Gemeinde Martfeld (Samtgemeinde Bruchhausen-Vilsen) und liegt im mittleren Niedersachsen, ca. 30 Km von Bremen entfernt. Am 1. M\u00e4rz 1974 wurde die ehemals eigenst\u00e4ndige Gemeinde Hustedt in die Gemeinde Martfeld eingegliedert.<\/p>\n<p>Im Dorf sind zwei Vereine aktiv &#8211; Der Sch\u00fctzenverein Hustedt e.V. und Dorfgemeinschaftshaus Alte Schule e.V. Zus\u00e4tzlich gibt es eine Ortsfeuerwehr mit Grundausstattung, die der Samtgemeinde Bruchhausen-Vilsen angeh\u00f6rt.<\/p>\n","protected":false},"excerpt":{"rendered":"<p>Hustedt ist ein Ortsteil der Gemeinde Martfeld (Samtgemeinde Bruchhausen-Vilsen) und liegt im mittleren Niedersachsen, ca. 30 Km von Bremen entfernt. Am 1. M\u00e4rz 1974 wurde die ehemals eigenst\u00e4ndige Gemeinde Hustedt in die Gemeinde Martfeld eingegliedert. Im Dorf sind zwei Vereine aktiv &#8211; Der Sch\u00fctzenverein Hustedt e.V. und Dorfgemeinschaftshaus Alte Schule e.V. Zus\u00e4tzlich gibt es eine &hellip; <\/p>\n<p class=\"link-more\"><a href=\"https:\/\/hustedt-online.de\/?page_id=276\" class=\"more-link\"><span class=\"screen-reader-text\">\u201eHustedt\u201c<\/span> weiterlesen<\/a><\/p>\n","protected":false},"author":1,"featured_media":0,"parent":0,"menu_order":0,"comment_status":"closed","ping_status":"closed","template":"","meta":{"footnotes":""},"class_list":["post-276","page","type-page","status-publish","hentry"],"_links":{"self":[{"href":"https:\/\/hustedt-online.de\/index.php?rest_route=\/wp\/v2\/pages\/276","targetHints":{"allow":["GET"]}}],"collection":[{"href":"https:\/\/hustedt-online.de\/index.php?rest_route=\/wp\/v2\/pages"}],"about":[{"href":"https:\/\/hustedt-online.de\/index.php?rest_route=\/wp\/v2\/types\/page"}],"author":[{"embeddable":true,"href":"https:\/\/hustedt-online.de\/index.php?rest_route=\/wp\/v2\/users\/1"}],"replies":[{"embeddable":true,"href":"https:\/\/hustedt-online.de\/index.php?rest_route=%2Fwp%2Fv2%2Fcomments&post=276"}],"version-history":[{"count":3,"href":"https:\/\/hustedt-online.de\/index.php?rest_route=\/wp\/v2\/pages\/276\/revisions"}],"predecessor-version":[{"id":280,"href":"https:\/\/hustedt-online.de\/index.php?rest_route=\/wp\/v2\/pages\/276\/revisions\/280"}],"wp:attachment":[{"href":"https:\/\/hustedt-online.de\/index.php?rest_route=%2Fwp%2Fv2%2Fmedia&parent=276"}],"curies":[{"name":"wp","href":"https:\/\/api.w.org\/{rel}","templated":true}]}}