{"id":38,"date":"2018-11-28T11:53:57","date_gmt":"2018-11-28T11:53:57","guid":{"rendered":"https:\/\/hu.hustedt-online.de\/?page_id=38"},"modified":"2018-11-28T16:13:04","modified_gmt":"2018-11-28T16:13:04","slug":"doppelkopf","status":"publish","type":"page","link":"https:\/\/hustedt-online.de\/?page_id=38","title":{"rendered":"Doppelkopf"},"content":{"rendered":"<p>Zwei Mal im Jahr, Ende Februar und Ende Oktober, richtet der Sch\u00fctzenverein Hustedt einen Doppelkopfabend im Dorfgemeinschaftshaus in Hustedt aus. Es gibt immer Fleischpreise vom ganzen Schwein. Jeder Teilnehmer erh\u00e4lt einen Preis.<\/p>\n<p>Die jeweiligen Ergebnisse der letzten Jahre k\u00f6nnt Ihr in den Untermen\u00fcpunkten einsehen. Die Termine der n\u00e4chsten Doppelkopfabende stehen unter Termine.<\/p>\n","protected":false},"excerpt":{"rendered":"<p>Zwei Mal im Jahr, Ende Februar und Ende Oktober, richtet der Sch\u00fctzenverein Hustedt einen Doppelkopfabend im Dorfgemeinschaftshaus in Hustedt aus. Es gibt immer Fleischpreise vom ganzen Schwein. Jeder Teilnehmer erh\u00e4lt einen Preis. Die jeweiligen Ergebnisse der letzten Jahre k\u00f6nnt Ihr in den Untermen\u00fcpunkten einsehen. Die Termine der n\u00e4chsten Doppelkopfabende stehen unter Termine.<\/p>\n","protected":false},"author":1,"featured_media":0,"parent":8,"menu_order":0,"comment_status":"closed","ping_status":"closed","template":"","meta":{"footnotes":""},"class_list":["post-38","page","type-page","status-publish","hentry"],"_links":{"self":[{"href":"https:\/\/hustedt-online.de\/index.php?rest_route=\/wp\/v2\/pages\/38","targetHints":{"allow":["GET"]}}],"collection":[{"href":"https:\/\/hustedt-online.de\/index.php?rest_route=\/wp\/v2\/pages"}],"about":[{"href":"https:\/\/hustedt-online.de\/index.php?rest_route=\/wp\/v2\/types\/page"}],"author":[{"embeddable":true,"href":"https:\/\/hustedt-online.de\/index.php?rest_route=\/wp\/v2\/users\/1"}],"replies":[{"embeddable":true,"href":"https:\/\/hustedt-online.de\/index.php?rest_route=%2Fwp%2Fv2%2Fcomments&post=38"}],"version-history":[{"count":3,"href":"https:\/\/hustedt-online.de\/index.php?rest_route=\/wp\/v2\/pages\/38\/revisions"}],"predecessor-version":[{"id":262,"href":"https:\/\/hustedt-online.de\/index.php?rest_route=\/wp\/v2\/pages\/38\/revisions\/262"}],"up":[{"embeddable":true,"href":"https:\/\/hustedt-online.de\/index.php?rest_route=\/wp\/v2\/pages\/8"}],"wp:attachment":[{"href":"https:\/\/hustedt-online.de\/index.php?rest_route=%2Fwp%2Fv2%2Fmedia&parent=38"}],"curies":[{"name":"wp","href":"https:\/\/api.w.org\/{rel}","templated":true}]}}