{"id":492,"date":"2020-06-18T08:47:14","date_gmt":"2020-06-18T07:47:14","guid":{"rendered":"http:\/\/www.hustedt-online.de\/?page_id=492"},"modified":"2020-07-10T10:31:30","modified_gmt":"2020-07-10T09:31:30","slug":"amazon-smile-programm","status":"publish","type":"page","link":"https:\/\/hustedt-online.de\/?page_id=492","title":{"rendered":"Amazon Smile Programm"},"content":{"rendered":"<p>Tut dem Sch\u00fctzenverein Hustedt was Gutes. Wenn Du bei Amazon regelm\u00e4\u00dfig oder auch nur ab und zu mal bestellst, kannst Du dabei den Sch\u00fctzenverein Hustedt unterst\u00fctzen. Und das geht ganz einfach:<\/p>\n<p>\u00dcber den Browser:<br \/>\nEinfach die Internetseite <a href=\"http:\/\/smile.amazon.de\">http:\/\/smile.amazon.de<\/a> aufrufen (nicht www.amazon.de). Dort kannst Du dann den Sch\u00fctzenverein Hustedt e.V. als Organisation ausw\u00e4hlen.<\/p>\n<p>\u00dcber die Amazon App (Smartphone):<br \/>\nGehe in die Einstellungen und w\u00e4hle dort Amazon Smile aus. Dann kannst Du dort auch den Sch\u00fctzenverein Hustedt e.V. als Organisation ausw\u00e4hlen.<\/p>\n<p>Zur Info:<br \/>\nDer Sch\u00fctzenverein Hustedt erh\u00e4lt durch Deine Eink\u00e4ufe 0,5 % als Spende von Amazon. Deine Eink\u00e4ufe werden dadurch nat\u00fcrlich nicht teurer! Es ist kein neues Amazon Konto notwendig.<\/p>\n<p>Vielen Dank f\u00fcr Deine Unterst\u00fctzung.<\/p>\n","protected":false},"excerpt":{"rendered":"<p>Tut dem Sch\u00fctzenverein Hustedt was Gutes. Wenn Du bei Amazon regelm\u00e4\u00dfig oder auch nur ab und zu mal bestellst, kannst Du dabei den Sch\u00fctzenverein Hustedt unterst\u00fctzen. Und das geht ganz einfach: \u00dcber den Browser: Einfach die Internetseite http:\/\/smile.amazon.de aufrufen (nicht www.amazon.de). Dort kannst Du dann den Sch\u00fctzenverein Hustedt e.V. als Organisation ausw\u00e4hlen. \u00dcber die Amazon &hellip; <\/p>\n<p class=\"link-more\"><a href=\"https:\/\/hustedt-online.de\/?page_id=492\" class=\"more-link\"><span class=\"screen-reader-text\">\u201eAmazon Smile Programm\u201c<\/span> weiterlesen<\/a><\/p>\n","protected":false},"author":1,"featured_media":0,"parent":8,"menu_order":0,"comment_status":"closed","ping_status":"closed","template":"","meta":{"footnotes":""},"class_list":["post-492","page","type-page","status-publish","hentry"],"_links":{"self":[{"href":"https:\/\/hustedt-online.de\/index.php?rest_route=\/wp\/v2\/pages\/492","targetHints":{"allow":["GET"]}}],"collection":[{"href":"https:\/\/hustedt-online.de\/index.php?rest_route=\/wp\/v2\/pages"}],"about":[{"href":"https:\/\/hustedt-online.de\/index.php?rest_route=\/wp\/v2\/types\/page"}],"author":[{"embeddable":true,"href":"https:\/\/hustedt-online.de\/index.php?rest_route=\/wp\/v2\/users\/1"}],"replies":[{"embeddable":true,"href":"https:\/\/hustedt-online.de\/index.php?rest_route=%2Fwp%2Fv2%2Fcomments&post=492"}],"version-history":[{"count":2,"href":"https:\/\/hustedt-online.de\/index.php?rest_route=\/wp\/v2\/pages\/492\/revisions"}],"predecessor-version":[{"id":550,"href":"https:\/\/hustedt-online.de\/index.php?rest_route=\/wp\/v2\/pages\/492\/revisions\/550"}],"up":[{"embeddable":true,"href":"https:\/\/hustedt-online.de\/index.php?rest_route=\/wp\/v2\/pages\/8"}],"wp:attachment":[{"href":"https:\/\/hustedt-online.de\/index.php?rest_route=%2Fwp%2Fv2%2Fmedia&parent=492"}],"curies":[{"name":"wp","href":"https:\/\/api.w.org\/{rel}","templated":true}]}}