{"id":8,"date":"2018-11-28T11:38:59","date_gmt":"2018-11-28T11:38:59","guid":{"rendered":"https:\/\/hu.hustedt-online.de\/?page_id=8"},"modified":"2018-11-28T13:43:59","modified_gmt":"2018-11-28T13:43:59","slug":"schuetzenverein","status":"publish","type":"page","link":"https:\/\/hustedt-online.de\/?page_id=8","title":{"rendered":"Sch\u00fctzenverein"},"content":{"rendered":"<div class=\"_2cuy _3dgx _2vxa\">\n<p>Der Sch\u00fctzenverein in Hustedt wurde im Jahre 1905 gegr\u00fcndet. Derzeit besteht der Verein aus \u00fcber 100 Mitgliedern.<\/p>\n<p>Der Verein hat im Jahr 2006 eine neue Bleibe im\u00a0 Dorfgemeinschaftshaus\u00a0 in Hustedt gefunden. Der Schie\u00dfstand umfasst sechs Pl\u00e4tze. Derzeit kann Luftpistole und Luftgewehr (&#8222;Sandsack&#8220;, &#8222;Auflage&#8220;, &#8222;Frei Hand&#8220;) geschossen werden. F\u00fcr die Kinder (Sch\u00fclerklasse)stehen ein Lichtpunktgewehr sowie eine Lichtpunktpistole bereit.<\/p>\n<\/div>\n<div class=\"_2cuy _3dgx _2vxa\">Wer Lust hat kann jeden 2. und 4.\u00a0 Mittwoch von 19:30 Uhr bis 22:00 Uhr im Dorfgemeinschaftshaus zum \u00dcbungsschie\u00dfen vorbeikommen. Die Sch\u00fcler \u00fcben jeden Mittwoch um 16:00 Uhr im Schie\u00dfstand.<\/div>\n<p>&nbsp;<\/p>\n<p>Jedes Jahr am ersten Juli-Wochenende findet das Sch\u00fctzenfest im Beckmann &#8211; Stadion statt. Um 14 Uhr trifft sich der Verein um mit dem Spielmannszug Blender die neuen Sch\u00fctzenk\u00f6nige abzuholen. Ab 16 Uhr startet dann das Sch\u00fctzenfest.<\/p>\n<div id='gallery-1' class='gallery galleryid-8 gallery-columns-3 gallery-size-thumbnail'><figure class='gallery-item'>\n\t\t\t<div class='gallery-icon portrait'>\n\t\t\t\t<a href='https:\/\/hustedt-online.de\/?attachment_id=213'><img loading=\"lazy\" decoding=\"async\" width=\"150\" height=\"150\" src=\"https:\/\/hustedt-online.de\/wp-content\/uploads\/2018\/11\/IMG_1604-150x150.jpg\" class=\"attachment-thumbnail size-thumbnail\" alt=\"\" srcset=\"https:\/\/hustedt-online.de\/wp-content\/uploads\/2018\/11\/IMG_1604-150x150.jpg 150w, https:\/\/hustedt-online.de\/wp-content\/uploads\/2018\/11\/IMG_1604-100x100.jpg 100w\" sizes=\"auto, 100vw\" \/><\/a>\n\t\t\t<\/div><\/figure><figure class='gallery-item'>\n\t\t\t<div class='gallery-icon portrait'>\n\t\t\t\t<a href='https:\/\/hustedt-online.de\/?attachment_id=212'><img loading=\"lazy\" decoding=\"async\" width=\"150\" height=\"150\" src=\"https:\/\/hustedt-online.de\/wp-content\/uploads\/2018\/11\/IMG_1601-150x150.jpg\" class=\"attachment-thumbnail size-thumbnail\" alt=\"\" srcset=\"https:\/\/hustedt-online.de\/wp-content\/uploads\/2018\/11\/IMG_1601-150x150.jpg 150w, https:\/\/hustedt-online.de\/wp-content\/uploads\/2018\/11\/IMG_1601-100x100.jpg 100w\" sizes=\"auto, 100vw\" \/><\/a>\n\t\t\t<\/div><\/figure><figure class='gallery-item'>\n\t\t\t<div class='gallery-icon portrait'>\n\t\t\t\t<a href='https:\/\/hustedt-online.de\/?attachment_id=211'><img loading=\"lazy\" decoding=\"async\" width=\"150\" height=\"150\" src=\"https:\/\/hustedt-online.de\/wp-content\/uploads\/2018\/11\/wappen2-150x150.jpg\" class=\"attachment-thumbnail size-thumbnail\" alt=\"\" srcset=\"https:\/\/hustedt-online.de\/wp-content\/uploads\/2018\/11\/wappen2-150x150.jpg 150w, https:\/\/hustedt-online.de\/wp-content\/uploads\/2018\/11\/wappen2-100x100.jpg 100w\" sizes=\"auto, 100vw\" \/><\/a>\n\t\t\t<\/div><\/figure>\n\t\t<\/div>\n\n","protected":false},"excerpt":{"rendered":"<p>Der Sch\u00fctzenverein in Hustedt wurde im Jahre 1905 gegr\u00fcndet. Derzeit besteht der Verein aus \u00fcber 100 Mitgliedern. Der Verein hat im Jahr 2006 eine neue Bleibe im\u00a0 Dorfgemeinschaftshaus\u00a0 in Hustedt gefunden. Der Schie\u00dfstand umfasst sechs Pl\u00e4tze. Derzeit kann Luftpistole und Luftgewehr (&#8222;Sandsack&#8220;, &#8222;Auflage&#8220;, &#8222;Frei Hand&#8220;) geschossen werden. F\u00fcr die Kinder (Sch\u00fclerklasse)stehen ein Lichtpunktgewehr sowie eine &hellip; <\/p>\n<p class=\"link-more\"><a href=\"https:\/\/hustedt-online.de\/?page_id=8\" class=\"more-link\"><span class=\"screen-reader-text\">\u201eSch\u00fctzenverein\u201c<\/span> weiterlesen<\/a><\/p>\n","protected":false},"author":1,"featured_media":0,"parent":0,"menu_order":0,"comment_status":"closed","ping_status":"closed","template":"","meta":{"footnotes":""},"class_list":["post-8","page","type-page","status-publish","hentry"],"_links":{"self":[{"href":"https:\/\/hustedt-online.de\/index.php?rest_route=\/wp\/v2\/pages\/8","targetHints":{"allow":["GET"]}}],"collection":[{"href":"https:\/\/hustedt-online.de\/index.php?rest_route=\/wp\/v2\/pages"}],"about":[{"href":"https:\/\/hustedt-online.de\/index.php?rest_route=\/wp\/v2\/types\/page"}],"author":[{"embeddable":true,"href":"https:\/\/hustedt-online.de\/index.php?rest_route=\/wp\/v2\/users\/1"}],"replies":[{"embeddable":true,"href":"https:\/\/hustedt-online.de\/index.php?rest_route=%2Fwp%2Fv2%2Fcomments&post=8"}],"version-history":[{"count":10,"href":"https:\/\/hustedt-online.de\/index.php?rest_route=\/wp\/v2\/pages\/8\/revisions"}],"predecessor-version":[{"id":214,"href":"https:\/\/hustedt-online.de\/index.php?rest_route=\/wp\/v2\/pages\/8\/revisions\/214"}],"wp:attachment":[{"href":"https:\/\/hustedt-online.de\/index.php?rest_route=%2Fwp%2Fv2%2Fmedia&parent=8"}],"curies":[{"name":"wp","href":"https:\/\/api.w.org\/{rel}","templated":true}]}}